{"id":1786,"date":"2023-06-07T17:29:59","date_gmt":"2023-06-07T15:29:59","guid":{"rendered":"https:\/\/patateetpetitetete.com\/?post_type=product&#038;p=1786"},"modified":"2023-08-30T13:33:18","modified_gmt":"2023-08-30T11:33:18","slug":"planche-autocollants-surf","status":"publish","type":"product","link":"https:\/\/patateetpetitetete.com\/index.php\/produit\/planche-autocollants-surf\/","title":{"rendered":"Planche d&rsquo;autocollants &#8211; Surf"},"content":{"rendered":"<p>\u2022 INFOS PRATIQUES<\/p>\n<p>\u2013 Si vous souhaitez commander plus que la quantit\u00e9 disponible affich\u00e9e, n\u2019h\u00e9sitez pas \u00e0 m\u2019\u00e9crire \u2665<\/p>\n<p>\u2013 Tout est fait par mes petites mains, les illustrations, l\u2019impression, la d\u00e9coupe.<\/p>\n<p>\u2013 Les couleurs r\u00e9elles peuvent l\u00e9g\u00e8rement diff\u00e9rer de ce que vous voyez sur l\u2019\u00e9cran.<\/p>\n","protected":false},"excerpt":{"rendered":"<p>Planche d&rsquo;autocollants.<\/p>\n<p>Il s&rsquo;agit d&rsquo;un format A6 (10,5 cm x 14,8 cm), avec un fini brillant.<\/p>\n","protected":false},"featured_media":1765,"comment_status":"open","ping_status":"closed","template":"","meta":{"ocean_post_layout":"","ocean_both_sidebars_style":"","ocean_both_sidebars_content_width":0,"ocean_both_sidebars_sidebars_width":0,"ocean_sidebar":"0","ocean_second_sidebar":"0","ocean_disable_margins":"enable","ocean_add_body_class":"","ocean_shortcode_before_top_bar":"","ocean_shortcode_after_top_bar":"","ocean_shortcode_before_header":"","ocean_shortcode_after_header":"","ocean_has_shortcode":"","ocean_shortcode_after_title":"","ocean_shortcode_before_footer_widgets":"","ocean_shortcode_after_footer_widgets":"","ocean_shortcode_before_footer_bottom":"","ocean_shortcode_after_footer_bottom":"","ocean_display_top_bar":"default","ocean_display_header":"default","ocean_header_style":"","ocean_center_header_left_menu":"0","ocean_custom_header_template":"0","ocean_custom_logo":0,"ocean_custom_retina_logo":0,"ocean_custom_logo_max_width":0,"ocean_custom_logo_tablet_max_width":0,"ocean_custom_logo_mobile_max_width":0,"ocean_custom_logo_max_height":0,"ocean_custom_logo_tablet_max_height":0,"ocean_custom_logo_mobile_max_height":0,"ocean_header_custom_menu":"0","ocean_menu_typo_font_family":"0","ocean_menu_typo_font_subset":"","ocean_menu_typo_font_size":0,"ocean_menu_typo_font_size_tablet":0,"ocean_menu_typo_font_size_mobile":0,"ocean_menu_typo_font_size_unit":"px","ocean_menu_typo_font_weight":"","ocean_menu_typo_font_weight_tablet":"","ocean_menu_typo_font_weight_mobile":"","ocean_menu_typo_transform":"","ocean_menu_typo_transform_tablet":"","ocean_menu_typo_transform_mobile":"","ocean_menu_typo_line_height":0,"ocean_menu_typo_line_height_tablet":0,"ocean_menu_typo_line_height_mobile":0,"ocean_menu_typo_line_height_unit":"","ocean_menu_typo_spacing":0,"ocean_menu_typo_spacing_tablet":0,"ocean_menu_typo_spacing_mobile":0,"ocean_menu_typo_spacing_unit":"","ocean_menu_link_color":"","ocean_menu_link_color_hover":"","ocean_menu_link_color_active":"","ocean_menu_link_background":"","ocean_menu_link_hover_background":"","ocean_menu_link_active_background":"","ocean_menu_social_links_bg":"","ocean_menu_social_hover_links_bg":"","ocean_menu_social_links_color":"","ocean_menu_social_hover_links_color":"","ocean_disable_title":"default","ocean_disable_heading":"default","ocean_post_title":"","ocean_post_subheading":"","ocean_post_title_style":"","ocean_post_title_background_color":"","ocean_post_title_background":0,"ocean_post_title_bg_image_position":"","ocean_post_title_bg_image_attachment":"","ocean_post_title_bg_image_repeat":"","ocean_post_title_bg_image_size":"","ocean_post_title_height":0,"ocean_post_title_bg_overlay":0.5,"ocean_post_title_bg_overlay_color":"","ocean_disable_breadcrumbs":"default","ocean_breadcrumbs_color":"","ocean_breadcrumbs_separator_color":"","ocean_breadcrumbs_links_color":"","ocean_breadcrumbs_links_hover_color":"","ocean_display_footer_widgets":"default","ocean_display_footer_bottom":"default","ocean_custom_footer_template":"0"},"product_brand":[],"product_cat":[32],"product_tag":[],"class_list":{"0":"post-1786","1":"product","2":"type-product","3":"status-publish","4":"has-post-thumbnail","6":"product_cat-autocollants-autocollants","8":"entry","9":"has-media","11":"first","12":"instock","13":"shipping-taxable","14":"purchasable","15":"product-type-simple","16":"has-product-nav","17":"col","18":"span_1_of_4","19":"owp-content-center","20":"owp-thumbs-layout-horizontal","21":"owp-btn-big","22":"owp-tabs-layout-horizontal","23":"has-no-thumbnails"},"yoast_head":"<!-- This site is optimized with the Yoast SEO plugin v25.7 - https:\/\/yoast.com\/wordpress\/plugins\/seo\/ -->\n<title>Planche d&#039;autocollants - Surf - Patate et petite t\u00eate<\/title>\n<meta name=\"description\" content=\"Une planche d&#039;autocollants qui sent bon l&#039;\u00c9t\u00e9. Illustrations faites \u00e0 l&#039;aquarelle, planche imprim\u00e9e et d\u00e9coup\u00e9e \u00e0 la main.\" \/>\n<meta name=\"robots\" content=\"index, follow, max-snippet:-1, max-image-preview:large, max-video-preview:-1\" \/>\n<link rel=\"canonical\" href=\"https:\/\/patateetpetitetete.com\/index.php\/produit\/planche-autocollants-surf\/\" \/>\n<meta property=\"og:locale\" content=\"fr_FR\" \/>\n<meta property=\"og:type\" content=\"article\" \/>\n<meta property=\"og:title\" content=\"Planche d&#039;autocollants - Surf - Patate et petite t\u00eate\" \/>\n<meta property=\"og:description\" content=\"Une planche d&#039;autocollants qui sent bon l&#039;\u00c9t\u00e9. Illustrations faites \u00e0 l&#039;aquarelle, planche imprim\u00e9e et d\u00e9coup\u00e9e \u00e0 la main.\" \/>\n<meta property=\"og:url\" content=\"https:\/\/patateetpetitetete.com\/index.php\/produit\/planche-autocollants-surf\/\" \/>\n<meta property=\"article:modified_time\" content=\"2023-08-30T11:33:18+00:00\" \/>\n<meta property=\"og:image\" content=\"https:\/\/patateetpetitetete.com\/wp-content\/uploads\/2023\/03\/Autocollants-Surf.jpg\" \/>\n\t<meta property=\"og:image:width\" content=\"828\" \/>\n\t<meta property=\"og:image:height\" content=\"1472\" \/>\n\t<meta property=\"og:image:type\" content=\"image\/jpeg\" \/>\n<meta name=\"twitter:card\" content=\"summary_large_image\" \/>\n<meta name=\"twitter:label1\" content=\"Dur\u00e9e de lecture estim\u00e9e\" \/>\n\t<meta name=\"twitter:data1\" content=\"1 minute\" \/>\n<script type=\"application\/ld+json\" class=\"yoast-schema-graph\">{\"@context\":\"https:\/\/schema.org\",\"@graph\":[{\"@type\":\"WebPage\",\"@id\":\"https:\/\/patateetpetitetete.com\/index.php\/produit\/planche-autocollants-surf\/\",\"url\":\"https:\/\/patateetpetitetete.com\/index.php\/produit\/planche-autocollants-surf\/\",\"name\":\"Planche d'autocollants - Surf - Patate et petite t\u00eate\",\"isPartOf\":{\"@id\":\"https:\/\/patateetpetitetete.com\/#website\"},\"primaryImageOfPage\":{\"@id\":\"https:\/\/patateetpetitetete.com\/index.php\/produit\/planche-autocollants-surf\/#primaryimage\"},\"image\":{\"@id\":\"https:\/\/patateetpetitetete.com\/index.php\/produit\/planche-autocollants-surf\/#primaryimage\"},\"thumbnailUrl\":\"https:\/\/patateetpetitetete.com\/wp-content\/uploads\/2023\/03\/Autocollants-Surf.jpg\",\"datePublished\":\"2023-06-07T15:29:59+00:00\",\"dateModified\":\"2023-08-30T11:33:18+00:00\",\"description\":\"Une planche d'autocollants qui sent bon l'\u00c9t\u00e9. Illustrations faites \u00e0 l'aquarelle, planche imprim\u00e9e et d\u00e9coup\u00e9e \u00e0 la main.\",\"breadcrumb\":{\"@id\":\"https:\/\/patateetpetitetete.com\/index.php\/produit\/planche-autocollants-surf\/#breadcrumb\"},\"inLanguage\":\"fr-FR\",\"potentialAction\":[{\"@type\":\"ReadAction\",\"target\":[\"https:\/\/patateetpetitetete.com\/index.php\/produit\/planche-autocollants-surf\/\"]}]},{\"@type\":\"ImageObject\",\"inLanguage\":\"fr-FR\",\"@id\":\"https:\/\/patateetpetitetete.com\/index.php\/produit\/planche-autocollants-surf\/#primaryimage\",\"url\":\"https:\/\/patateetpetitetete.com\/wp-content\/uploads\/2023\/03\/Autocollants-Surf.jpg\",\"contentUrl\":\"https:\/\/patateetpetitetete.com\/wp-content\/uploads\/2023\/03\/Autocollants-Surf.jpg\",\"width\":828,\"height\":1472},{\"@type\":\"BreadcrumbList\",\"@id\":\"https:\/\/patateetpetitetete.com\/index.php\/produit\/planche-autocollants-surf\/#breadcrumb\",\"itemListElement\":[{\"@type\":\"ListItem\",\"position\":1,\"name\":\"Accueil\",\"item\":\"https:\/\/patateetpetitetete.com\/\"},{\"@type\":\"ListItem\",\"position\":2,\"name\":\"Boutique\",\"item\":\"https:\/\/patateetpetitetete.com\/index.php\/boutique\/\"},{\"@type\":\"ListItem\",\"position\":3,\"name\":\"Planche d&rsquo;autocollants &#8211; Surf\"}]},{\"@type\":\"WebSite\",\"@id\":\"https:\/\/patateetpetitetete.com\/#website\",\"url\":\"https:\/\/patateetpetitetete.com\/\",\"name\":\"\",\"description\":\"\",\"potentialAction\":[{\"@type\":\"SearchAction\",\"target\":{\"@type\":\"EntryPoint\",\"urlTemplate\":\"https:\/\/patateetpetitetete.com\/?s={search_term_string}\"},\"query-input\":{\"@type\":\"PropertyValueSpecification\",\"valueRequired\":true,\"valueName\":\"search_term_string\"}}],\"inLanguage\":\"fr-FR\"}]}<\/script>\n<!-- \/ Yoast SEO plugin. -->","yoast_head_json":{"title":"Planche d'autocollants - Surf - Patate et petite t\u00eate","description":"Une planche d'autocollants qui sent bon l'\u00c9t\u00e9. Illustrations faites \u00e0 l'aquarelle, planche imprim\u00e9e et d\u00e9coup\u00e9e \u00e0 la main.","robots":{"index":"index","follow":"follow","max-snippet":"max-snippet:-1","max-image-preview":"max-image-preview:large","max-video-preview":"max-video-preview:-1"},"canonical":"https:\/\/patateetpetitetete.com\/index.php\/produit\/planche-autocollants-surf\/","og_locale":"fr_FR","og_type":"article","og_title":"Planche d'autocollants - Surf - Patate et petite t\u00eate","og_description":"Une planche d'autocollants qui sent bon l'\u00c9t\u00e9. Illustrations faites \u00e0 l'aquarelle, planche imprim\u00e9e et d\u00e9coup\u00e9e \u00e0 la main.","og_url":"https:\/\/patateetpetitetete.com\/index.php\/produit\/planche-autocollants-surf\/","article_modified_time":"2023-08-30T11:33:18+00:00","og_image":[{"width":828,"height":1472,"url":"https:\/\/patateetpetitetete.com\/wp-content\/uploads\/2023\/03\/Autocollants-Surf.jpg","type":"image\/jpeg"}],"twitter_card":"summary_large_image","twitter_misc":{"Dur\u00e9e de lecture estim\u00e9e":"1 minute"},"schema":{"@context":"https:\/\/schema.org","@graph":[{"@type":"WebPage","@id":"https:\/\/patateetpetitetete.com\/index.php\/produit\/planche-autocollants-surf\/","url":"https:\/\/patateetpetitetete.com\/index.php\/produit\/planche-autocollants-surf\/","name":"Planche d'autocollants - Surf - Patate et petite t\u00eate","isPartOf":{"@id":"https:\/\/patateetpetitetete.com\/#website"},"primaryImageOfPage":{"@id":"https:\/\/patateetpetitetete.com\/index.php\/produit\/planche-autocollants-surf\/#primaryimage"},"image":{"@id":"https:\/\/patateetpetitetete.com\/index.php\/produit\/planche-autocollants-surf\/#primaryimage"},"thumbnailUrl":"https:\/\/patateetpetitetete.com\/wp-content\/uploads\/2023\/03\/Autocollants-Surf.jpg","datePublished":"2023-06-07T15:29:59+00:00","dateModified":"2023-08-30T11:33:18+00:00","description":"Une planche d'autocollants qui sent bon l'\u00c9t\u00e9. Illustrations faites \u00e0 l'aquarelle, planche imprim\u00e9e et d\u00e9coup\u00e9e \u00e0 la main.","breadcrumb":{"@id":"https:\/\/patateetpetitetete.com\/index.php\/produit\/planche-autocollants-surf\/#breadcrumb"},"inLanguage":"fr-FR","potentialAction":[{"@type":"ReadAction","target":["https:\/\/patateetpetitetete.com\/index.php\/produit\/planche-autocollants-surf\/"]}]},{"@type":"ImageObject","inLanguage":"fr-FR","@id":"https:\/\/patateetpetitetete.com\/index.php\/produit\/planche-autocollants-surf\/#primaryimage","url":"https:\/\/patateetpetitetete.com\/wp-content\/uploads\/2023\/03\/Autocollants-Surf.jpg","contentUrl":"https:\/\/patateetpetitetete.com\/wp-content\/uploads\/2023\/03\/Autocollants-Surf.jpg","width":828,"height":1472},{"@type":"BreadcrumbList","@id":"https:\/\/patateetpetitetete.com\/index.php\/produit\/planche-autocollants-surf\/#breadcrumb","itemListElement":[{"@type":"ListItem","position":1,"name":"Accueil","item":"https:\/\/patateetpetitetete.com\/"},{"@type":"ListItem","position":2,"name":"Boutique","item":"https:\/\/patateetpetitetete.com\/index.php\/boutique\/"},{"@type":"ListItem","position":3,"name":"Planche d&rsquo;autocollants &#8211; Surf"}]},{"@type":"WebSite","@id":"https:\/\/patateetpetitetete.com\/#website","url":"https:\/\/patateetpetitetete.com\/","name":"","description":"","potentialAction":[{"@type":"SearchAction","target":{"@type":"EntryPoint","urlTemplate":"https:\/\/patateetpetitetete.com\/?s={search_term_string}"},"query-input":{"@type":"PropertyValueSpecification","valueRequired":true,"valueName":"search_term_string"}}],"inLanguage":"fr-FR"}]}},"_links":{"self":[{"href":"https:\/\/patateetpetitetete.com\/index.php\/wp-json\/wp\/v2\/product\/1786","targetHints":{"allow":["GET"]}}],"collection":[{"href":"https:\/\/patateetpetitetete.com\/index.php\/wp-json\/wp\/v2\/product"}],"about":[{"href":"https:\/\/patateetpetitetete.com\/index.php\/wp-json\/wp\/v2\/types\/product"}],"replies":[{"embeddable":true,"href":"https:\/\/patateetpetitetete.com\/index.php\/wp-json\/wp\/v2\/comments?post=1786"}],"wp:featuredmedia":[{"embeddable":true,"href":"https:\/\/patateetpetitetete.com\/index.php\/wp-json\/wp\/v2\/media\/1765"}],"wp:attachment":[{"href":"https:\/\/patateetpetitetete.com\/index.php\/wp-json\/wp\/v2\/media?parent=1786"}],"wp:term":[{"taxonomy":"product_brand","embeddable":true,"href":"https:\/\/patateetpetitetete.com\/index.php\/wp-json\/wp\/v2\/product_brand?post=1786"},{"taxonomy":"product_cat","embeddable":true,"href":"https:\/\/patateetpetitetete.com\/index.php\/wp-json\/wp\/v2\/product_cat?post=1786"},{"taxonomy":"product_tag","embeddable":true,"href":"https:\/\/patateetpetitetete.com\/index.php\/wp-json\/wp\/v2\/product_tag?post=1786"}],"curies":[{"name":"wp","href":"https:\/\/api.w.org\/{rel}","templated":true}]}}