{"id":530,"date":"2022-04-04T17:48:49","date_gmt":"2022-04-04T15:48:49","guid":{"rendered":"https:\/\/patateetpetitetete.com\/?page_id=530"},"modified":"2022-04-04T19:34:59","modified_gmt":"2022-04-04T17:34:59","slug":"patate","status":"publish","type":"page","link":"https:\/\/patateetpetitetete.com\/index.php\/patate\/","title":{"rendered":"Patate ?"},"content":{"rendered":"\t\t<div data-elementor-type=\"wp-page\" data-elementor-id=\"530\" class=\"elementor elementor-530\">\n\t\t\t\t\t\t<section class=\"elementor-section elementor-top-section elementor-element elementor-element-2860dee elementor-section-boxed elementor-section-height-default elementor-section-height-default\" data-id=\"2860dee\" data-element_type=\"section\" data-settings=\"{&quot;background_background&quot;:&quot;classic&quot;}\">\n\t\t\t\t\t\t<div class=\"elementor-container elementor-column-gap-default\">\n\t\t\t\t\t<div class=\"elementor-column elementor-col-100 elementor-top-column elementor-element elementor-element-0a1bc91\" data-id=\"0a1bc91\" data-element_type=\"column\">\n\t\t\t<div class=\"elementor-widget-wrap elementor-element-populated\">\n\t\t\t\t\t\t<div class=\"elementor-element elementor-element-f54f85a elementor-widget elementor-widget-heading\" data-id=\"f54f85a\" data-element_type=\"widget\" data-widget_type=\"heading.default\">\n\t\t\t\t<div class=\"elementor-widget-container\">\n\t\t\t\t\t<h1 class=\"elementor-heading-title elementor-size-default\">Qui se cache derri\u00e8re Patate et petite t\u00eate ? <\/h1>\t\t\t\t<\/div>\n\t\t\t\t<\/div>\n\t\t\t\t<div class=\"elementor-element elementor-element-07ed8c6 elementor-widget elementor-widget-text-editor\" data-id=\"07ed8c6\" data-element_type=\"widget\" data-widget_type=\"text-editor.default\">\n\t\t\t\t<div class=\"elementor-widget-container\">\n\t\t\t\t\t\t\t\t\t<p>\u273f \u273f \u273f<\/p>\t\t\t\t\t\t\t\t<\/div>\n\t\t\t\t<\/div>\n\t\t\t\t<div class=\"elementor-element elementor-element-c818a15 elementor-widget elementor-widget-text-editor\" data-id=\"c818a15\" data-element_type=\"widget\" data-widget_type=\"text-editor.default\">\n\t\t\t\t<div class=\"elementor-widget-container\">\n\t\t\t\t\t\t\t\t\t<p>Je m&rsquo;appelle Charlotte. Depuis que je suis petite, mes proches m&rsquo;appellent Charlie, Charlotte est devenu synonyme de grosse b\u00eatise pour moi, c&rsquo;est quand je ramenais mon r\u00e9current 04\/20 en maths, quand je finissais la bouteille de lait sans en remettre une au frigo ou quand j&rsquo;oubliais si j&rsquo;avais d\u00e9branch\u00e9 mon lisseur avant de partir de la maison&#8230; Bref, vous l&rsquo;aurez compris, Charlotte ne r\u00e9sonne pas vraiment positivement dans ma t\u00eate mais si vous souhaitez m&rsquo;appeler comme \u00e7a vous pouvez, apr\u00e8s tout c&rsquo;est mon pr\u00e9nom \ud83d\ude42<\/p><p>Oui, mais alors la patate et la petite t\u00eate dans tout \u00e7a ?\u00a0<\/p><p>La patate. D\u00e9j\u00e0 il s&rsquo;agit de mon aliment favori, la patate va avec tout, on peut la cuisiner de nombreuses fa\u00e7ons et je trouve les pommes de terre de mani\u00e8re g\u00e9n\u00e9rale assez jolies. Patate, c&rsquo;est aussi le surnom que je donne \u00e0 mon adorable Shiba, mon petit asssistant qui dort en boule sur le canap\u00e9 pendant que je dessine, une aide pr\u00e9cieuse ! Il m\u00e9ritait donc sa place dans l&rsquo;aventure \ud83d\udc3e\u00a0 Et la petite t\u00eate alors ? C&rsquo;est le surnom que Monsieur me donne et que je donne \u00e0 Monsieur. J&rsquo;ai beau \u00eatre hyper ind\u00e9pendante (c&rsquo;est faux) et hyper badasse (c&rsquo;est faux encore) , j&rsquo;ai un vrai petit coeur d&rsquo;artichaut.\u00a0<\/p>\t\t\t\t\t\t\t\t<\/div>\n\t\t\t\t<\/div>\n\t\t\t\t<div class=\"elementor-element elementor-element-9cb3f1f elementor-widget elementor-widget-text-editor\" data-id=\"9cb3f1f\" data-element_type=\"widget\" data-widget_type=\"text-editor.default\">\n\t\t\t\t<div class=\"elementor-widget-container\">\n\t\t\t\t\t\t\t\t\t<p>\u273f \u273f \u273f<\/p>\t\t\t\t\t\t\t\t<\/div>\n\t\t\t\t<\/div>\n\t\t\t\t\t<\/div>\n\t\t<\/div>\n\t\t\t\t\t<\/div>\n\t\t<\/section>\n\t\t\t\t<\/div>\n\t\t","protected":false},"excerpt":{"rendered":"<p>Qui se cache derri\u00e8re Patate et petite t\u00eate ? \u273f \u273f \u273f Je m&rsquo;appelle Charlotte. Depuis que je suis petite, mes proches m&rsquo;appellent Charlie, Charlotte est devenu synonyme de grosse b\u00eatise pour moi, c&rsquo;est quand je ramenais mon r\u00e9current 04\/20 en maths, quand je finissais la bouteille de lait sans en remettre une au frigo [&hellip;]<\/p>\n","protected":false},"author":1,"featured_media":0,"parent":0,"menu_order":0,"comment_status":"closed","ping_status":"closed","template":"","meta":{"ocean_post_layout":"","ocean_both_sidebars_style":"","ocean_both_sidebars_content_width":0,"ocean_both_sidebars_sidebars_width":0,"ocean_sidebar":"0","ocean_second_sidebar":"0","ocean_disable_margins":"enable","ocean_add_body_class":"","ocean_shortcode_before_top_bar":"","ocean_shortcode_after_top_bar":"","ocean_shortcode_before_header":"","ocean_shortcode_after_header":"","ocean_has_shortcode":"","ocean_shortcode_after_title":"","ocean_shortcode_before_footer_widgets":"","ocean_shortcode_after_footer_widgets":"","ocean_shortcode_before_footer_bottom":"","ocean_shortcode_after_footer_bottom":"","ocean_display_top_bar":"default","ocean_display_header":"default","ocean_header_style":"","ocean_center_header_left_menu":"0","ocean_custom_header_template":"0","ocean_custom_logo":0,"ocean_custom_retina_logo":0,"ocean_custom_logo_max_width":0,"ocean_custom_logo_tablet_max_width":0,"ocean_custom_logo_mobile_max_width":0,"ocean_custom_logo_max_height":0,"ocean_custom_logo_tablet_max_height":0,"ocean_custom_logo_mobile_max_height":0,"ocean_header_custom_menu":"0","ocean_menu_typo_font_family":"0","ocean_menu_typo_font_subset":"","ocean_menu_typo_font_size":0,"ocean_menu_typo_font_size_tablet":0,"ocean_menu_typo_font_size_mobile":0,"ocean_menu_typo_font_size_unit":"px","ocean_menu_typo_font_weight":"","ocean_menu_typo_font_weight_tablet":"","ocean_menu_typo_font_weight_mobile":"","ocean_menu_typo_transform":"","ocean_menu_typo_transform_tablet":"","ocean_menu_typo_transform_mobile":"","ocean_menu_typo_line_height":0,"ocean_menu_typo_line_height_tablet":0,"ocean_menu_typo_line_height_mobile":0,"ocean_menu_typo_line_height_unit":"","ocean_menu_typo_spacing":0,"ocean_menu_typo_spacing_tablet":0,"ocean_menu_typo_spacing_mobile":0,"ocean_menu_typo_spacing_unit":"","ocean_menu_link_color":"","ocean_menu_link_color_hover":"","ocean_menu_link_color_active":"","ocean_menu_link_background":"","ocean_menu_link_hover_background":"","ocean_menu_link_active_background":"","ocean_menu_social_links_bg":"","ocean_menu_social_hover_links_bg":"","ocean_menu_social_links_color":"","ocean_menu_social_hover_links_color":"","ocean_disable_title":"default","ocean_disable_heading":"default","ocean_post_title":"","ocean_post_subheading":"","ocean_post_title_style":"","ocean_post_title_background_color":"","ocean_post_title_background":0,"ocean_post_title_bg_image_position":"","ocean_post_title_bg_image_attachment":"","ocean_post_title_bg_image_repeat":"","ocean_post_title_bg_image_size":"","ocean_post_title_height":0,"ocean_post_title_bg_overlay":0.5,"ocean_post_title_bg_overlay_color":"","ocean_disable_breadcrumbs":"default","ocean_breadcrumbs_color":"","ocean_breadcrumbs_separator_color":"","ocean_breadcrumbs_links_color":"","ocean_breadcrumbs_links_hover_color":"","ocean_display_footer_widgets":"default","ocean_display_footer_bottom":"default","ocean_custom_footer_template":"0","footnotes":""},"class_list":["post-530","page","type-page","status-publish","hentry","entry","owp-thumbs-layout-horizontal","owp-btn-big","owp-tabs-layout-horizontal","has-no-thumbnails","has-product-nav"],"yoast_head":"<!-- This site is optimized with the Yoast SEO plugin v25.7 - https:\/\/yoast.com\/wordpress\/plugins\/seo\/ -->\n<title>Patate ? -<\/title>\n<meta name=\"robots\" content=\"index, follow, max-snippet:-1, max-image-preview:large, max-video-preview:-1\" \/>\n<link rel=\"canonical\" href=\"https:\/\/patateetpetitetete.com\/index.php\/patate\/\" \/>\n<meta property=\"og:locale\" content=\"fr_FR\" \/>\n<meta property=\"og:type\" content=\"article\" \/>\n<meta property=\"og:title\" content=\"Patate ? -\" \/>\n<meta property=\"og:description\" content=\"Qui se cache derri\u00e8re Patate et petite t\u00eate ? \u273f \u273f \u273f Je m&rsquo;appelle Charlotte. Depuis que je suis petite, mes proches m&rsquo;appellent Charlie, Charlotte est devenu synonyme de grosse b\u00eatise pour moi, c&rsquo;est quand je ramenais mon r\u00e9current 04\/20 en maths, quand je finissais la bouteille de lait sans en remettre une au frigo [&hellip;]\" \/>\n<meta property=\"og:url\" content=\"https:\/\/patateetpetitetete.com\/index.php\/patate\/\" \/>\n<meta property=\"article:modified_time\" content=\"2022-04-04T17:34:59+00:00\" \/>\n<meta name=\"twitter:card\" content=\"summary_large_image\" \/>\n<meta name=\"twitter:label1\" content=\"Dur\u00e9e de lecture estim\u00e9e\" \/>\n\t<meta name=\"twitter:data1\" content=\"2 minutes\" \/>\n<script type=\"application\/ld+json\" class=\"yoast-schema-graph\">{\"@context\":\"https:\/\/schema.org\",\"@graph\":[{\"@type\":\"WebPage\",\"@id\":\"https:\/\/patateetpetitetete.com\/index.php\/patate\/\",\"url\":\"https:\/\/patateetpetitetete.com\/index.php\/patate\/\",\"name\":\"Patate ? -\",\"isPartOf\":{\"@id\":\"https:\/\/patateetpetitetete.com\/#website\"},\"datePublished\":\"2022-04-04T15:48:49+00:00\",\"dateModified\":\"2022-04-04T17:34:59+00:00\",\"breadcrumb\":{\"@id\":\"https:\/\/patateetpetitetete.com\/index.php\/patate\/#breadcrumb\"},\"inLanguage\":\"fr-FR\",\"potentialAction\":[{\"@type\":\"ReadAction\",\"target\":[\"https:\/\/patateetpetitetete.com\/index.php\/patate\/\"]}]},{\"@type\":\"BreadcrumbList\",\"@id\":\"https:\/\/patateetpetitetete.com\/index.php\/patate\/#breadcrumb\",\"itemListElement\":[{\"@type\":\"ListItem\",\"position\":1,\"name\":\"Accueil\",\"item\":\"https:\/\/patateetpetitetete.com\/\"},{\"@type\":\"ListItem\",\"position\":2,\"name\":\"Patate ?\"}]},{\"@type\":\"WebSite\",\"@id\":\"https:\/\/patateetpetitetete.com\/#website\",\"url\":\"https:\/\/patateetpetitetete.com\/\",\"name\":\"\",\"description\":\"\",\"potentialAction\":[{\"@type\":\"SearchAction\",\"target\":{\"@type\":\"EntryPoint\",\"urlTemplate\":\"https:\/\/patateetpetitetete.com\/?s={search_term_string}\"},\"query-input\":{\"@type\":\"PropertyValueSpecification\",\"valueRequired\":true,\"valueName\":\"search_term_string\"}}],\"inLanguage\":\"fr-FR\"}]}<\/script>\n<!-- \/ Yoast SEO plugin. -->","yoast_head_json":{"title":"Patate ? -","robots":{"index":"index","follow":"follow","max-snippet":"max-snippet:-1","max-image-preview":"max-image-preview:large","max-video-preview":"max-video-preview:-1"},"canonical":"https:\/\/patateetpetitetete.com\/index.php\/patate\/","og_locale":"fr_FR","og_type":"article","og_title":"Patate ? -","og_description":"Qui se cache derri\u00e8re Patate et petite t\u00eate ? \u273f \u273f \u273f Je m&rsquo;appelle Charlotte. Depuis que je suis petite, mes proches m&rsquo;appellent Charlie, Charlotte est devenu synonyme de grosse b\u00eatise pour moi, c&rsquo;est quand je ramenais mon r\u00e9current 04\/20 en maths, quand je finissais la bouteille de lait sans en remettre une au frigo [&hellip;]","og_url":"https:\/\/patateetpetitetete.com\/index.php\/patate\/","article_modified_time":"2022-04-04T17:34:59+00:00","twitter_card":"summary_large_image","twitter_misc":{"Dur\u00e9e de lecture estim\u00e9e":"2 minutes"},"schema":{"@context":"https:\/\/schema.org","@graph":[{"@type":"WebPage","@id":"https:\/\/patateetpetitetete.com\/index.php\/patate\/","url":"https:\/\/patateetpetitetete.com\/index.php\/patate\/","name":"Patate ? -","isPartOf":{"@id":"https:\/\/patateetpetitetete.com\/#website"},"datePublished":"2022-04-04T15:48:49+00:00","dateModified":"2022-04-04T17:34:59+00:00","breadcrumb":{"@id":"https:\/\/patateetpetitetete.com\/index.php\/patate\/#breadcrumb"},"inLanguage":"fr-FR","potentialAction":[{"@type":"ReadAction","target":["https:\/\/patateetpetitetete.com\/index.php\/patate\/"]}]},{"@type":"BreadcrumbList","@id":"https:\/\/patateetpetitetete.com\/index.php\/patate\/#breadcrumb","itemListElement":[{"@type":"ListItem","position":1,"name":"Accueil","item":"https:\/\/patateetpetitetete.com\/"},{"@type":"ListItem","position":2,"name":"Patate ?"}]},{"@type":"WebSite","@id":"https:\/\/patateetpetitetete.com\/#website","url":"https:\/\/patateetpetitetete.com\/","name":"","description":"","potentialAction":[{"@type":"SearchAction","target":{"@type":"EntryPoint","urlTemplate":"https:\/\/patateetpetitetete.com\/?s={search_term_string}"},"query-input":{"@type":"PropertyValueSpecification","valueRequired":true,"valueName":"search_term_string"}}],"inLanguage":"fr-FR"}]}},"_links":{"self":[{"href":"https:\/\/patateetpetitetete.com\/index.php\/wp-json\/wp\/v2\/pages\/530","targetHints":{"allow":["GET"]}}],"collection":[{"href":"https:\/\/patateetpetitetete.com\/index.php\/wp-json\/wp\/v2\/pages"}],"about":[{"href":"https:\/\/patateetpetitetete.com\/index.php\/wp-json\/wp\/v2\/types\/page"}],"author":[{"embeddable":true,"href":"https:\/\/patateetpetitetete.com\/index.php\/wp-json\/wp\/v2\/users\/1"}],"replies":[{"embeddable":true,"href":"https:\/\/patateetpetitetete.com\/index.php\/wp-json\/wp\/v2\/comments?post=530"}],"version-history":[{"count":13,"href":"https:\/\/patateetpetitetete.com\/index.php\/wp-json\/wp\/v2\/pages\/530\/revisions"}],"predecessor-version":[{"id":569,"href":"https:\/\/patateetpetitetete.com\/index.php\/wp-json\/wp\/v2\/pages\/530\/revisions\/569"}],"wp:attachment":[{"href":"https:\/\/patateetpetitetete.com\/index.php\/wp-json\/wp\/v2\/media?parent=530"}],"curies":[{"name":"wp","href":"https:\/\/api.w.org\/{rel}","templated":true}]}}